{"id":9402,"date":"2013-04-03T09:58:11","date_gmt":"2013-04-03T09:58:11","guid":{"rendered":"http:\/\/inprogress.hiig.de\/?page_id=9402"},"modified":"2018-07-24T13:33:09","modified_gmt":"2018-07-24T11:33:09","slug":"barcamp-science2discuss","status":"publish","type":"page","link":"https:\/\/www.hiig.de\/en\/colloquium\/barcamp-science2discuss\/","title":{"rendered":"Barcamp &#8216;science2discuss&#8217;"},"content":{"rendered":"<h1>\n\t<\/h1>\n<p><a title=\"Berliner Kolloquium f\u00fcr Internet und Gesellschaft 2012\" href=\"https:\/\/www.hiig.de\/events\/berliner-kolloquium-fur-internet-und-gesellschaft-2012\/\">Konzept<\/a>\u00a0|\u00a0<a href=\"https:\/\/www.hiig.de\/kolloquium\/berliner-kolloquium-programm-2012\/\">Programm<\/a>\u00a0|\u00a0<a href=\"https:\/\/www.hiig.de\/kolloquium\/berliner-kolloquium-organisatorisches\/\">Organisatorisches<\/a>\u00a0|\u00a0<a href=\"https:\/\/www.hiig.de\/kolloquium\/berliner-kolloquium-abstracts-2012\/\">Abstracts<\/a><\/p>\n<p>Am zweiten Tag wird das Berliner Kolloquium im Barcamp-Format fortgesetzt. Dieses offene Format erm\u00f6glicht den Austausch zwischen den ForscherInnen und weiteren Interessierten mit verschiedenen Hintergr\u00fcnden. Es bietet die Gelegenheit, einzelne komplexe Themen des Vortags praxisorientiert zu vertiefen und Kontroversen auszutragen.<\/p>\n<p>Die Themen werden zu Beginn des Tages identifiziert, indem Vorschl\u00e4ge durch die TeilnehmerInnen gesammelt werden. Anschlie\u00dfend werden mehrere Gruppen gebildet, die sich dann in zwei Sessionbl\u00f6cken jeweils mit ihrem Thema besch\u00e4ftigen und Ergebnisse festhalten.<\/p>\n<p>Das Barcamp ist offen zug\u00e4nglich, es ist jedoch eine Anmeldung auf dieser Seite erforderlich. Veranstaltungsort sind ebenfalls die R\u00e4ume der Homebase am Alexanderplatz (ehemaliges.HBC, Karl-Liebknecht-Stra\u00dfe 9, 10178 Berlin).<\/p>\n<p>Die maximale Teilnehmerzahl des Barcamps wurde erreicht. Deswegen sind leider keine weiteren Anmeldungen mehr m\u00f6glich.<\/p>\n<h3>\u00dcber das HIIG<\/h3>\n<p>Das HIIG erforscht die Entwicklung des Internets aus einer gesellschaftlichen Perspektive mit dem Ziel, die damit einhergehende Digitalisierung aller Lebensbereiche besser zu verstehen.<br \/>\nMehr dazu&#8230;<br \/>\n<a href=\"https:\/\/www.hiig.de\/institut\">Internet &amp; Gesellschaft<\/a><\/p>\n<h3>Bleiben Sie in Kontakt<\/h3>\n<p>Und melden Sie sich f\u00fcr unsere Newsletter an.<br \/>\n<a href=\"https:\/\/www.hiig.de\/newsletter-anmeldung\/\">Registrierung<\/a><\/p>\n<div class=\"shariff shariff-align-flex-start shariff-widget-align-flex-start\"><ul class=\"shariff-buttons theme-round orientation-horizontal buttonsize-medium\"><li class=\"shariff-button linkedin shariff-nocustomcolor\" style=\"background-color:#1488bf\"><a href=\"https:\/\/www.linkedin.com\/sharing\/share-offsite\/?url=https%3A%2F%2Fwww.hiig.de%2Fen%2Fcolloquium%2Fbarcamp-science2discuss%2F\" title=\"Share on LinkedIn\" aria-label=\"Share on LinkedIn\" role=\"button\" rel=\"noopener nofollow\" class=\"shariff-link\" style=\"; background-color:#0077b5; color:#fff\" target=\"_blank\"><span class=\"shariff-icon\" style=\"\"><svg width=\"32px\" height=\"20px\" xmlns=\"http:\/\/www.w3.org\/2000\/svg\" viewBox=\"0 0 27 32\"><path fill=\"#0077b5\" d=\"M6.2 11.2v17.7h-5.9v-17.7h5.9zM6.6 5.7q0 1.3-0.9 2.2t-2.4 0.9h0q-1.5 0-2.4-0.9t-0.9-2.2 0.9-2.2 2.4-0.9 2.4 0.9 0.9 2.2zM27.4 18.7v10.1h-5.9v-9.5q0-1.9-0.7-2.9t-2.3-1.1q-1.1 0-1.9 0.6t-1.2 1.5q-0.2 0.5-0.2 1.4v9.9h-5.9q0-7.1 0-11.6t0-5.3l0-0.9h5.9v2.6h0q0.4-0.6 0.7-1t1-0.9 1.6-0.8 2-0.3q3 0 4.9 2t1.9 6z\"\/><\/svg><\/span><\/a><\/li><li class=\"shariff-button bluesky shariff-nocustomcolor\" style=\"background-color:#84c4ff\"><a href=\"https:\/\/bsky.app\/intent\/compose?text=Barcamp%20%E2%80%98science2discuss%E2%80%99 https%3A%2F%2Fwww.hiig.de%2Fen%2Fcolloquium%2Fbarcamp-science2discuss%2F  via @hiigberlin.bsky.social\" title=\"Share on Bluesky\" aria-label=\"Share on Bluesky\" role=\"button\" rel=\"noopener nofollow\" class=\"shariff-link\" style=\"; background-color:#0085ff; color:#fff\" target=\"_blank\"><span class=\"shariff-icon\" style=\"\"><svg width=\"20\" height=\"20\" version=\"1.1\" xmlns=\"http:\/\/www.w3.org\/2000\/svg\" viewBox=\"0 0 20 20\"><path class=\"st0\" d=\"M4.89,3.12c2.07,1.55,4.3,4.71,5.11,6.4.82-1.69,3.04-4.84,5.11-6.4,1.49-1.12,3.91-1.99,3.91.77,0,.55-.32,4.63-.5,5.3-.64,2.3-2.99,2.89-5.08,2.54,3.65.62,4.58,2.68,2.57,4.74-3.81,3.91-5.48-.98-5.9-2.23-.08-.23-.11-.34-.12-.25,0-.09-.04.02-.12.25-.43,1.25-2.09,6.14-5.9,2.23-2.01-2.06-1.08-4.12,2.57-4.74-2.09.36-4.44-.23-5.08-2.54-.19-.66-.5-4.74-.5-5.3,0-2.76,2.42-1.89,3.91-.77h0Z\"\/><\/svg><\/span><\/a><\/li><li class=\"shariff-button mailto shariff-nocustomcolor\" style=\"background-color:#a8a8a8\"><a href=\"mailto:?body=https%3A%2F%2Fwww.hiig.de%2Fen%2Fcolloquium%2Fbarcamp-science2discuss%2F&subject=Barcamp%20%E2%80%98science2discuss%E2%80%99\" title=\"Send by email\" aria-label=\"Send by email\" role=\"button\" rel=\"noopener nofollow\" class=\"shariff-link\" style=\"; background-color:#999; color:#fff\"><span class=\"shariff-icon\" style=\"\"><svg width=\"32px\" height=\"20px\" xmlns=\"http:\/\/www.w3.org\/2000\/svg\" viewBox=\"0 0 32 32\"><path fill=\"#999\" d=\"M32 12.7v14.2q0 1.2-0.8 2t-2 0.9h-26.3q-1.2 0-2-0.9t-0.8-2v-14.2q0.8 0.9 1.8 1.6 6.5 4.4 8.9 6.1 1 0.8 1.6 1.2t1.7 0.9 2 0.4h0.1q0.9 0 2-0.4t1.7-0.9 1.6-1.2q3-2.2 8.9-6.1 1-0.7 1.8-1.6zM32 7.4q0 1.4-0.9 2.7t-2.2 2.2q-6.7 4.7-8.4 5.8-0.2 0.1-0.7 0.5t-1 0.7-0.9 0.6-1.1 0.5-0.9 0.2h-0.1q-0.4 0-0.9-0.2t-1.1-0.5-0.9-0.6-1-0.7-0.7-0.5q-1.6-1.1-4.7-3.2t-3.6-2.6q-1.1-0.7-2.1-2t-1-2.5q0-1.4 0.7-2.3t2.1-0.9h26.3q1.2 0 2 0.8t0.9 2z\"\/><\/svg><\/span><\/a><\/li><\/ul><\/div>","protected":false},"excerpt":{"rendered":"<p>Konzept\u00a0|\u00a0Programm\u00a0|\u00a0Organisatorisches\u00a0|\u00a0Abstracts Am zweiten Tag wird das Berliner Kolloquium im Barcamp-Format fortgesetzt. Dieses offene Format erm\u00f6glicht den Austausch zwischen den ForscherInnen und weiteren Interessierten mit verschiedenen Hintergr\u00fcnden. Es bietet die Gelegenheit, einzelne komplexe Themen des Vortags praxisorientiert zu vertiefen und Kontroversen auszutragen. Die Themen werden zu Beginn des Tages identifiziert, indem Vorschl\u00e4ge durch die TeilnehmerInnen gesammelt&hellip;<\/p>\n","protected":false},"author":23,"featured_media":0,"parent":1739,"menu_order":0,"comment_status":"open","ping_status":"open","template":"","meta":{"_acf_changed":false,"footnotes":""},"class_list":["post-9402","page","type-page","status-publish","hentry"],"acf":[],"yoast_head":"<!-- This site is optimized with the Yoast SEO plugin v26.6 - https:\/\/yoast.com\/wordpress\/plugins\/seo\/ -->\n<title>Barcamp &#039;science2discuss&#039; &#8211; HIIG<\/title>\n<meta name=\"robots\" content=\"index, follow, max-snippet:-1, max-image-preview:large, max-video-preview:-1\" \/>\n<link rel=\"canonical\" href=\"https:\/\/www.hiig.de\/en\/colloquium\/barcamp-science2discuss\/\" \/>\n<meta property=\"og:locale\" content=\"en_US\" \/>\n<meta property=\"og:type\" content=\"article\" \/>\n<meta property=\"og:title\" content=\"Barcamp &#039;science2discuss&#039; &#8211; HIIG\" \/>\n<meta property=\"og:description\" content=\"Konzept\u00a0|\u00a0Programm\u00a0|\u00a0Organisatorisches\u00a0|\u00a0Abstracts Am zweiten Tag wird das Berliner Kolloquium im Barcamp-Format fortgesetzt. Dieses offene Format erm\u00f6glicht den Austausch zwischen den ForscherInnen und weiteren Interessierten mit verschiedenen Hintergr\u00fcnden. Es bietet die Gelegenheit, einzelne komplexe Themen des Vortags praxisorientiert zu vertiefen und Kontroversen auszutragen. Die Themen werden zu Beginn des Tages identifiziert, indem Vorschl\u00e4ge durch die TeilnehmerInnen gesammelt&hellip;\" \/>\n<meta property=\"og:url\" content=\"https:\/\/www.hiig.de\/en\/colloquium\/barcamp-science2discuss\/\" \/>\n<meta property=\"og:site_name\" content=\"HIIG\" \/>\n<meta property=\"article:modified_time\" content=\"2018-07-24T11:33:09+00:00\" \/>\n<meta name=\"twitter:card\" content=\"summary_large_image\" \/>\n<meta name=\"twitter:label1\" content=\"Est. reading time\" \/>\n\t<meta name=\"twitter:data1\" content=\"1 minute\" \/>\n<!-- \/ Yoast SEO plugin. -->","yoast_head_json":{"title":"Barcamp 'science2discuss' &#8211; HIIG","robots":{"index":"index","follow":"follow","max-snippet":"max-snippet:-1","max-image-preview":"max-image-preview:large","max-video-preview":"max-video-preview:-1"},"canonical":"https:\/\/www.hiig.de\/en\/colloquium\/barcamp-science2discuss\/","og_locale":"en_US","og_type":"article","og_title":"Barcamp 'science2discuss' &#8211; HIIG","og_description":"Konzept\u00a0|\u00a0Programm\u00a0|\u00a0Organisatorisches\u00a0|\u00a0Abstracts Am zweiten Tag wird das Berliner Kolloquium im Barcamp-Format fortgesetzt. Dieses offene Format erm\u00f6glicht den Austausch zwischen den ForscherInnen und weiteren Interessierten mit verschiedenen Hintergr\u00fcnden. Es bietet die Gelegenheit, einzelne komplexe Themen des Vortags praxisorientiert zu vertiefen und Kontroversen auszutragen. Die Themen werden zu Beginn des Tages identifiziert, indem Vorschl\u00e4ge durch die TeilnehmerInnen gesammelt&hellip;","og_url":"https:\/\/www.hiig.de\/en\/colloquium\/barcamp-science2discuss\/","og_site_name":"HIIG","article_modified_time":"2018-07-24T11:33:09+00:00","twitter_card":"summary_large_image","twitter_misc":{"Est. reading time":"1 minute"},"schema":{"@context":"https:\/\/schema.org","@graph":[{"@type":"WebPage","@id":"https:\/\/www.hiig.de\/en\/colloquium\/barcamp-science2discuss\/","url":"https:\/\/www.hiig.de\/en\/colloquium\/barcamp-science2discuss\/","name":"Barcamp 'science2discuss' &#8211; HIIG","isPartOf":{"@id":"https:\/\/www.hiig.de\/#website"},"datePublished":"2013-04-03T09:58:11+00:00","dateModified":"2018-07-24T11:33:09+00:00","breadcrumb":{"@id":"https:\/\/www.hiig.de\/en\/colloquium\/barcamp-science2discuss\/#breadcrumb"},"inLanguage":"en-US","potentialAction":[{"@type":"ReadAction","target":["https:\/\/www.hiig.de\/en\/colloquium\/barcamp-science2discuss\/"]}]},{"@type":"BreadcrumbList","@id":"https:\/\/www.hiig.de\/en\/colloquium\/barcamp-science2discuss\/#breadcrumb","itemListElement":[{"@type":"ListItem","position":1,"name":"Home","item":"https:\/\/www.hiig.de\/en\/"},{"@type":"ListItem","position":2,"name":"Early Stage Researchers Colloquium","item":"https:\/\/www.hiig.de\/en\/colloquium\/"},{"@type":"ListItem","position":3,"name":"Barcamp &#8216;science2discuss&#8217;"}]},{"@type":"WebSite","@id":"https:\/\/www.hiig.de\/#website","url":"https:\/\/www.hiig.de\/","name":"HIIG","description":"Alexander von Humboldt Institute for Internet and Society","publisher":{"@id":"https:\/\/www.hiig.de\/#organization"},"potentialAction":[{"@type":"SearchAction","target":{"@type":"EntryPoint","urlTemplate":"https:\/\/www.hiig.de\/?s={search_term_string}"},"query-input":{"@type":"PropertyValueSpecification","valueRequired":true,"valueName":"search_term_string"}}],"inLanguage":"en-US"},{"@type":"Organization","@id":"https:\/\/www.hiig.de\/#organization","name":"HIIG","url":"https:\/\/www.hiig.de\/","logo":{"@type":"ImageObject","inLanguage":"en-US","@id":"https:\/\/www.hiig.de\/#\/schema\/logo\/image\/","url":"https:\/\/www.hiig.de\/wp-content\/uploads\/2019\/06\/hiig.png","contentUrl":"https:\/\/www.hiig.de\/wp-content\/uploads\/2019\/06\/hiig.png","width":320,"height":80,"caption":"HIIG"},"image":{"@id":"https:\/\/www.hiig.de\/#\/schema\/logo\/image\/"}}]}},"_links":{"self":[{"href":"https:\/\/www.hiig.de\/en\/wp-json\/wp\/v2\/pages\/9402","targetHints":{"allow":["GET"]}}],"collection":[{"href":"https:\/\/www.hiig.de\/en\/wp-json\/wp\/v2\/pages"}],"about":[{"href":"https:\/\/www.hiig.de\/en\/wp-json\/wp\/v2\/types\/page"}],"author":[{"embeddable":true,"href":"https:\/\/www.hiig.de\/en\/wp-json\/wp\/v2\/users\/23"}],"replies":[{"embeddable":true,"href":"https:\/\/www.hiig.de\/en\/wp-json\/wp\/v2\/comments?post=9402"}],"version-history":[{"count":2,"href":"https:\/\/www.hiig.de\/en\/wp-json\/wp\/v2\/pages\/9402\/revisions"}],"predecessor-version":[{"id":50645,"href":"https:\/\/www.hiig.de\/en\/wp-json\/wp\/v2\/pages\/9402\/revisions\/50645"}],"up":[{"embeddable":true,"href":"https:\/\/www.hiig.de\/en\/wp-json\/wp\/v2\/pages\/1739"}],"wp:attachment":[{"href":"https:\/\/www.hiig.de\/en\/wp-json\/wp\/v2\/media?parent=9402"}],"curies":[{"name":"wp","href":"https:\/\/api.w.org\/{rel}","templated":true}]}}