{"id":21438,"date":"2015-01-23T19:26:49","date_gmt":"2015-01-23T17:26:49","guid":{"rendered":"https:\/\/www.hiig.de\/?page_id=21438"},"modified":"2018-04-13T09:17:14","modified_gmt":"2018-04-13T07:17:14","slug":"fellows-2014-2","status":"publish","type":"page","link":"https:\/\/www.hiig.de\/en\/fellows-2014-2\/","title":{"rendered":"Fellows 2014"},"content":{"rendered":"<h2>Engin Bozdag<\/h2>\n<p><img loading=\"lazy\" decoding=\"async\" class=\"left alignleft wp-image-12703 size-full\" src=\"https:\/\/www.hiig.de\/wp-content\/uploads\/2013\/07\/giovanni_navarria_sydney1.jpg\" alt=\"engin\" width=\"126\" height=\"172\" \/>Engin Bozdag is a PhD candidate at TU Delft, the Netherlands. His research focuses on viewpoint diversity in social media and its effects for democracy and society. Engin wrote his own research proposal and was awarded a research grant by the Netherlands Organisation for Scientific Research. His research combines methods from political philosophy, communication and social media analytics. The results of his interdisciplinary study was published in leading Dutch newspapers, several scientific conferences and an important scientific journal.<\/p>\n<p>Engin completed both his MSc and BSc degrees in Computer Science in Delft, specializing in web based applications. Before joining TU Delft as a PhD candidate, he was working as a search quality associate in Google. Within the period of June to August 2014 he continued his research as Fellow at HIIG.<\/p>\n<p>\u201cThe reason I have applied to HIIG as a summer fellow is because of the institute\u2019s pragmatic and transdisciplinary approach towards issues revolving around Internet and society. During my stay I had the pleasure to work with a senior researcher who specialized in my area. The collaboration has ultimately led to a journal publication and it will also be a chapter in my PhD thesis. I really liked the friendly and informal environment at HIIG and have met many young researchers who are working on very interesting and important issues, ranging from privacy to freedom of speech. We not only talked about our research, but went out to do fun stuff, such as watching football games together as well. I also loved spending the summer in Berlin, one of the most exciting cities in Europe with many things to do. I will definitely come back to visit the city and HIIG in the future.\u201d<\/p>\n<h3>Antonio Compagnone<\/h3>\n<p><img loading=\"lazy\" decoding=\"async\" class=\"left alignleft wp-image-12703 size-full\" src=\"https:\/\/www.hiig.de\/wp-content\/uploads\/2013\/07\/giovanni_navarria_sydney1.jpg\" alt=\"antonio\" width=\"236\" height=\"204\" \/>Antonio Compagnone holds an MA in Modern Languages from the University of Naples Federico II, Department of Humanities, Italy, where he is also a teaching assistant of English Language and Linguistics. He is a PhD candidate in English for Specialized Purposes (ESP) at the University of Naples Federico II, Department of Political Science. His research is centredon the popularization of scientific knowledge, with a focus on the reconceptualization of academic discourse and the construction of academic identity via the web-mediated genre of TED talks.<\/p>\n<p>Antonio has spent a period of research (April-August 2013) as a visiting PhD fellow at Aarhus University, Department of Business Communication, Denmark. From June 2014 to January 2015, he was a Fellow at HIIG in the research area of Internet-enabled Innovation.<\/p>\n<p>\u201cIn the last three years, as a PhD student, one of my main concerns was not only to spend a period of research abroad, I also wanted it to be in an environment which was not strictly connected to my field and, above all, which gathered different disciplines and perspectives on Internet-related issues so as to test and question my research project outside the \u2018safe ground\u2019 of Linguistics and Discourse Analysis. My interest in the reconceptualization of academic discourse via the web-mediated genre of TED talks gave me the chance to do that and become a fellow at the Humboldt Institute for Internet and Society. Either during the course of a chat at lunchtime or during one of the journal club meetings, as a fellow at the HIIG, I have had the opportunity to discuss with many other young researchers about the challenges of doing research nowadays. At the HIIG, I think I became a bit more aware of how hard it is to adapt to an interdisciplinary context and emancipate from a discipline-centered approach and how important flexibility is. To the HIIG I would love to come back as a post-doc researcher in the next future.\u201d<\/p>\n<h3>Florian S\u00fcssenguth<\/h3>\n<p><img loading=\"lazy\" decoding=\"async\" class=\"left alignleft wp-image-12703 size-full\" src=\"https:\/\/www.hiig.de\/wp-content\/uploads\/2013\/07\/giovanni_navarria_sydney1.jpg\" alt=\"florian\" width=\"133\" height=\"172\" \/>Florian S\u00fcssenguth teaches and conducts his research at the Institute of Sociology at Ludwig-Maximilians-Universit\u00e4t, M\u00fcnchen. He is interested in empirical research on practices of data and discourses of digitization within different social contexts and their implication for the formulation and advancement of theories of society and of social differentiation.<\/p>\n<p>In this dissertation project he is using an evolutionary approach to explore the German discourse on Netzpolitik (net politics and net policy) and the commission of enquiry Internet and Digital Society. He traces how phenomena of digital media are framed as political problems by political parties and parliaments in the first place and how digital media lead to innovation in the structures the political system itself, too. From August 2014 to February 2015, he was a Fellow at HIIG in the research area of Internet Policy and Governance where he continued and expanded his research.<\/p>\n<p>\u201cApplying for the fellowship at the Alexander von Humboldt Institute for Internet and Society was only logical \u2013 the very question of the link between theory and society and digital media which is at the core of my research in is contained in its name. During my stay I had the chance to learn from the unique perspective on topics, issues and approaches of the young and the experienced researchers gathered here. What better context to work on sociological theory interested in multiperspectivity and on research into the evolutionary adaptation of parliamentary democracy to digital media could there be? This is why I am looking forward to continuing working closely with the HIIG on solving the empirical and theoretical challenges of digitization, regardless where my sociological path will take me after completing my dissertation.\u201d<\/p>\n<h3>Leonie Maria Tanczer<\/h3>\n<p><img loading=\"lazy\" decoding=\"async\" class=\"left alignleft wp-image-12703 size-full\" src=\"https:\/\/www.hiig.de\/wp-content\/uploads\/2013\/07\/giovanni_navarria_sydney1.jpg\" alt=\"leonie\" width=\"234\" height=\"172\" \/>Leonie Maria Tanczer was a Fellow at the Alexander von Humboldt Institute for Internet and Society from January to March 2015 as well as PhD Candidate at the School of Politics, International Studies and Philosophy, Queen\u2019s University Belfast (UK). She studied Political Science (B.A.) at the University Vienna and University of Limerick (Republic of Ireland) and Political Psychology (MSc.) at the Queen\u2019s University Belfast. Tanczer is currently working on her interdisciplinary PhD project \u00bbEmerging Security Governance in the Cyber Domain: Technology, Politics, and Rights in Practice\u201d. Her thesis investigates emerging internet governance strategies, looking closely at the possibility to re-articulate political rights online.<\/p>\n<p>In the course of her Fellowship at the Alexander von Humboldt Institute for Internet and Society, Tanczer supported the HIIG research area of Global Constitutionalism and the Internet. Her HIIG-related research project analyses the effects of the ongoing securitisation process of internet governance on self-defined hacktivists.<\/p>\n<p>For more information on Tanczer\u2019s research interests and publications click <a href=\"http:\/\/www.qub.ac.uk\/schools\/SchoolofPoliticsInternationalStudiesandPhilosophy\/Research\/ResearchStudentProfiles\/Tanczer\/\">here<\/a>.<\/p>\n<div class=\"shariff shariff-align-flex-start shariff-widget-align-flex-start\"><ul class=\"shariff-buttons theme-round orientation-horizontal buttonsize-medium\"><li class=\"shariff-button linkedin shariff-nocustomcolor\" style=\"background-color:#1488bf\"><a href=\"https:\/\/www.linkedin.com\/sharing\/share-offsite\/?url=https%3A%2F%2Fwww.hiig.de%2Fen%2Ffellows-2014-2%2F\" title=\"Share on LinkedIn\" aria-label=\"Share on LinkedIn\" role=\"button\" rel=\"noopener nofollow\" class=\"shariff-link\" style=\"; background-color:#0077b5; color:#fff\" target=\"_blank\"><span class=\"shariff-icon\" style=\"\"><svg width=\"32px\" height=\"20px\" xmlns=\"http:\/\/www.w3.org\/2000\/svg\" viewBox=\"0 0 27 32\"><path fill=\"#0077b5\" d=\"M6.2 11.2v17.7h-5.9v-17.7h5.9zM6.6 5.7q0 1.3-0.9 2.2t-2.4 0.9h0q-1.5 0-2.4-0.9t-0.9-2.2 0.9-2.2 2.4-0.9 2.4 0.9 0.9 2.2zM27.4 18.7v10.1h-5.9v-9.5q0-1.9-0.7-2.9t-2.3-1.1q-1.1 0-1.9 0.6t-1.2 1.5q-0.2 0.5-0.2 1.4v9.9h-5.9q0-7.1 0-11.6t0-5.3l0-0.9h5.9v2.6h0q0.4-0.6 0.7-1t1-0.9 1.6-0.8 2-0.3q3 0 4.9 2t1.9 6z\"\/><\/svg><\/span><\/a><\/li><li class=\"shariff-button bluesky shariff-nocustomcolor\" style=\"background-color:#84c4ff\"><a href=\"https:\/\/bsky.app\/intent\/compose?text=Fellows%202014 https%3A%2F%2Fwww.hiig.de%2Fen%2Ffellows-2014-2%2F  via @hiigberlin.bsky.social\" title=\"Share on Bluesky\" aria-label=\"Share on Bluesky\" role=\"button\" rel=\"noopener nofollow\" class=\"shariff-link\" style=\"; background-color:#0085ff; color:#fff\" target=\"_blank\"><span class=\"shariff-icon\" style=\"\"><svg width=\"20\" height=\"20\" version=\"1.1\" xmlns=\"http:\/\/www.w3.org\/2000\/svg\" viewBox=\"0 0 20 20\"><path class=\"st0\" d=\"M4.89,3.12c2.07,1.55,4.3,4.71,5.11,6.4.82-1.69,3.04-4.84,5.11-6.4,1.49-1.12,3.91-1.99,3.91.77,0,.55-.32,4.63-.5,5.3-.64,2.3-2.99,2.89-5.08,2.54,3.65.62,4.58,2.68,2.57,4.74-3.81,3.91-5.48-.98-5.9-2.23-.08-.23-.11-.34-.12-.25,0-.09-.04.02-.12.25-.43,1.25-2.09,6.14-5.9,2.23-2.01-2.06-1.08-4.12,2.57-4.74-2.09.36-4.44-.23-5.08-2.54-.19-.66-.5-4.74-.5-5.3,0-2.76,2.42-1.89,3.91-.77h0Z\"\/><\/svg><\/span><\/a><\/li><li class=\"shariff-button mailto shariff-nocustomcolor\" style=\"background-color:#a8a8a8\"><a href=\"mailto:?body=https%3A%2F%2Fwww.hiig.de%2Fen%2Ffellows-2014-2%2F&subject=Fellows%202014\" title=\"Send by email\" aria-label=\"Send by email\" role=\"button\" rel=\"noopener nofollow\" class=\"shariff-link\" style=\"; background-color:#999; color:#fff\"><span class=\"shariff-icon\" style=\"\"><svg width=\"32px\" height=\"20px\" xmlns=\"http:\/\/www.w3.org\/2000\/svg\" viewBox=\"0 0 32 32\"><path fill=\"#999\" d=\"M32 12.7v14.2q0 1.2-0.8 2t-2 0.9h-26.3q-1.2 0-2-0.9t-0.8-2v-14.2q0.8 0.9 1.8 1.6 6.5 4.4 8.9 6.1 1 0.8 1.6 1.2t1.7 0.9 2 0.4h0.1q0.9 0 2-0.4t1.7-0.9 1.6-1.2q3-2.2 8.9-6.1 1-0.7 1.8-1.6zM32 7.4q0 1.4-0.9 2.7t-2.2 2.2q-6.7 4.7-8.4 5.8-0.2 0.1-0.7 0.5t-1 0.7-0.9 0.6-1.1 0.5-0.9 0.2h-0.1q-0.4 0-0.9-0.2t-1.1-0.5-0.9-0.6-1-0.7-0.7-0.5q-1.6-1.1-4.7-3.2t-3.6-2.6q-1.1-0.7-2.1-2t-1-2.5q0-1.4 0.7-2.3t2.1-0.9h26.3q1.2 0 2 0.8t0.9 2z\"\/><\/svg><\/span><\/a><\/li><\/ul><\/div>","protected":false},"excerpt":{"rendered":"<p>Engin Bozdag Engin Bozdag is a PhD candidate at TU Delft, the Netherlands. His research focuses on viewpoint diversity in social media and its effects for democracy and society. Engin wrote his own research proposal and was awarded a research grant by the Netherlands Organisation for Scientific Research. His research combines methods from political philosophy,&hellip;<\/p>\n","protected":false},"author":74,"featured_media":0,"parent":0,"menu_order":0,"comment_status":"closed","ping_status":"open","template":"","meta":{"_acf_changed":false,"footnotes":""},"class_list":["post-21438","page","type-page","status-publish","hentry"],"acf":[],"yoast_head":"<!-- This site is optimized with the Yoast SEO plugin v26.6 - https:\/\/yoast.com\/wordpress\/plugins\/seo\/ -->\n<title>Fellows 2014 &#8211; HIIG<\/title>\n<meta name=\"robots\" content=\"index, follow, max-snippet:-1, max-image-preview:large, max-video-preview:-1\" \/>\n<link rel=\"canonical\" href=\"https:\/\/www.hiig.de\/en\/fellows-2014-2\/\" \/>\n<meta property=\"og:locale\" content=\"en_US\" \/>\n<meta property=\"og:type\" content=\"article\" \/>\n<meta property=\"og:title\" content=\"Fellows 2014 &#8211; HIIG\" \/>\n<meta property=\"og:description\" content=\"Engin Bozdag Engin Bozdag is a PhD candidate at TU Delft, the Netherlands. His research focuses on viewpoint diversity in social media and its effects for democracy and society. Engin wrote his own research proposal and was awarded a research grant by the Netherlands Organisation for Scientific Research. His research combines methods from political philosophy,&hellip;\" \/>\n<meta property=\"og:url\" content=\"https:\/\/www.hiig.de\/en\/fellows-2014-2\/\" \/>\n<meta property=\"og:site_name\" content=\"HIIG\" \/>\n<meta property=\"article:modified_time\" content=\"2018-04-13T07:17:14+00:00\" \/>\n<meta property=\"og:image\" content=\"https:\/\/www.hiig.de\/wp-content\/uploads\/2013\/07\/giovanni_navarria_sydney1.jpg\" \/>\n<meta name=\"twitter:card\" content=\"summary_large_image\" \/>\n<meta name=\"twitter:label1\" content=\"Est. reading time\" \/>\n\t<meta name=\"twitter:data1\" content=\"5 minutes\" \/>\n<!-- \/ Yoast SEO plugin. -->","yoast_head_json":{"title":"Fellows 2014 &#8211; HIIG","robots":{"index":"index","follow":"follow","max-snippet":"max-snippet:-1","max-image-preview":"max-image-preview:large","max-video-preview":"max-video-preview:-1"},"canonical":"https:\/\/www.hiig.de\/en\/fellows-2014-2\/","og_locale":"en_US","og_type":"article","og_title":"Fellows 2014 &#8211; HIIG","og_description":"Engin Bozdag Engin Bozdag is a PhD candidate at TU Delft, the Netherlands. His research focuses on viewpoint diversity in social media and its effects for democracy and society. Engin wrote his own research proposal and was awarded a research grant by the Netherlands Organisation for Scientific Research. His research combines methods from political philosophy,&hellip;","og_url":"https:\/\/www.hiig.de\/en\/fellows-2014-2\/","og_site_name":"HIIG","article_modified_time":"2018-04-13T07:17:14+00:00","og_image":[{"url":"https:\/\/www.hiig.de\/wp-content\/uploads\/2013\/07\/giovanni_navarria_sydney1.jpg","type":"","width":"","height":""}],"twitter_card":"summary_large_image","twitter_misc":{"Est. reading time":"5 minutes"},"schema":{"@context":"https:\/\/schema.org","@graph":[{"@type":"WebPage","@id":"https:\/\/www.hiig.de\/en\/fellows-2014-2\/","url":"https:\/\/www.hiig.de\/en\/fellows-2014-2\/","name":"Fellows 2014 &#8211; HIIG","isPartOf":{"@id":"https:\/\/www.hiig.de\/#website"},"primaryImageOfPage":{"@id":"https:\/\/www.hiig.de\/en\/fellows-2014-2\/#primaryimage"},"image":{"@id":"https:\/\/www.hiig.de\/en\/fellows-2014-2\/#primaryimage"},"thumbnailUrl":"https:\/\/www.hiig.de\/wp-content\/uploads\/2013\/07\/giovanni_navarria_sydney1.jpg","datePublished":"2015-01-23T17:26:49+00:00","dateModified":"2018-04-13T07:17:14+00:00","breadcrumb":{"@id":"https:\/\/www.hiig.de\/en\/fellows-2014-2\/#breadcrumb"},"inLanguage":"en-US","potentialAction":[{"@type":"ReadAction","target":["https:\/\/www.hiig.de\/en\/fellows-2014-2\/"]}]},{"@type":"ImageObject","inLanguage":"en-US","@id":"https:\/\/www.hiig.de\/en\/fellows-2014-2\/#primaryimage","url":"https:\/\/www.hiig.de\/wp-content\/uploads\/2013\/07\/giovanni_navarria_sydney1.jpg","contentUrl":"https:\/\/www.hiig.de\/wp-content\/uploads\/2013\/07\/giovanni_navarria_sydney1.jpg"},{"@type":"BreadcrumbList","@id":"https:\/\/www.hiig.de\/en\/fellows-2014-2\/#breadcrumb","itemListElement":[{"@type":"ListItem","position":1,"name":"Home","item":"https:\/\/www.hiig.de\/en\/"},{"@type":"ListItem","position":2,"name":"Fellows 2014"}]},{"@type":"WebSite","@id":"https:\/\/www.hiig.de\/#website","url":"https:\/\/www.hiig.de\/","name":"HIIG","description":"Alexander von Humboldt Institute for Internet and Society","publisher":{"@id":"https:\/\/www.hiig.de\/#organization"},"potentialAction":[{"@type":"SearchAction","target":{"@type":"EntryPoint","urlTemplate":"https:\/\/www.hiig.de\/?s={search_term_string}"},"query-input":{"@type":"PropertyValueSpecification","valueRequired":true,"valueName":"search_term_string"}}],"inLanguage":"en-US"},{"@type":"Organization","@id":"https:\/\/www.hiig.de\/#organization","name":"HIIG","url":"https:\/\/www.hiig.de\/","logo":{"@type":"ImageObject","inLanguage":"en-US","@id":"https:\/\/www.hiig.de\/#\/schema\/logo\/image\/","url":"https:\/\/www.hiig.de\/wp-content\/uploads\/2019\/06\/hiig.png","contentUrl":"https:\/\/www.hiig.de\/wp-content\/uploads\/2019\/06\/hiig.png","width":320,"height":80,"caption":"HIIG"},"image":{"@id":"https:\/\/www.hiig.de\/#\/schema\/logo\/image\/"}}]}},"_links":{"self":[{"href":"https:\/\/www.hiig.de\/en\/wp-json\/wp\/v2\/pages\/21438","targetHints":{"allow":["GET"]}}],"collection":[{"href":"https:\/\/www.hiig.de\/en\/wp-json\/wp\/v2\/pages"}],"about":[{"href":"https:\/\/www.hiig.de\/en\/wp-json\/wp\/v2\/types\/page"}],"author":[{"embeddable":true,"href":"https:\/\/www.hiig.de\/en\/wp-json\/wp\/v2\/users\/74"}],"replies":[{"embeddable":true,"href":"https:\/\/www.hiig.de\/en\/wp-json\/wp\/v2\/comments?post=21438"}],"version-history":[{"count":2,"href":"https:\/\/www.hiig.de\/en\/wp-json\/wp\/v2\/pages\/21438\/revisions"}],"predecessor-version":[{"id":45648,"href":"https:\/\/www.hiig.de\/en\/wp-json\/wp\/v2\/pages\/21438\/revisions\/45648"}],"wp:attachment":[{"href":"https:\/\/www.hiig.de\/en\/wp-json\/wp\/v2\/media?parent=21438"}],"curies":[{"name":"wp","href":"https:\/\/api.w.org\/{rel}","templated":true}]}}