{"id":109444,"date":"2025-08-19T13:24:14","date_gmt":"2025-08-19T11:24:14","guid":{"rendered":"https:\/\/www.hiig.de\/?page_id=109444"},"modified":"2025-08-21T11:52:19","modified_gmt":"2025-08-21T09:52:19","slug":"zine-on-platform-regulation-what-does-the-digital-services-act-dsa-do","status":"publish","type":"page","link":"https:\/\/www.hiig.de\/en\/zine-on-platform-regulation-what-does-the-digital-services-act-dsa-do\/","title":{"rendered":"Zine on platform regulation: What does the Digital Services Act (DSA) do?"},"content":{"rendered":"\n\n\t\t\t\t<img decoding=\"async\" src=\"https:\/\/www.hiig.de\/wp-content\/uploads\/2025\/08\/Zine-DSA-Digital-Services-Act-Deutsch-1-scaled.jpeg\" alt=\"Zine DSA Digital Services Act - Deutsch\" itemprop=\"image\" height=\"1440\" width=\"2560\" title=\"Zine DSA Digital Services Act - Deutsch\" onerror=\"this.style.display='none'\" loading='lazy' \/>\n<h1>\n\t\t\tar\t<\/h1>\n\t<p>Much of our everyday life now takes place on digital platforms. We use search engines to find information, discuss politics on social media and shop in online stores. These platforms are operated by private companies that use their own rules and algorithms to determine which content is visible and how widely it is shared.<\/p>\n<p>This is particularly significant on social networks, such as Instagram, Facebook and X (formerly Twitter), where public debate and private communication overlap. This means that the decisions made by these platforms significantly influence which topics receive attention and which voices are heard. Given the profound impact that platforms have on public communication, clear rules are needed to define their responsibility towards society.<\/p>\n<p>The Digital Services Act (DSA) is the first uniform legal framework of its kind created by the European Union. Large platforms must, for instance, identify risks such as misinformation or discrimination, clarify how they make recommendations and be subject to independent oversight. The aim is to create a safer and more transparent online environment in which fundamental rights, such as freedom of expression and non-discrimination, are better protected. But what does that mean in practice? Our zine provides an introduction.<\/p>\n<h2>\n\t\t\tOne zine, one goal: How can I take action against problematic content as a user?\t<\/h2>\n\t<p>This zine offers a straightforward introduction to the changes brought about by the Digital Services Act. It explains why we need to regulate platforms and how the DSA can protect our rights online. The DSA imposes certain obligations on platforms when dealing with harmful content, such as hate speech and disinformation. The zine also explains what action users can take in such cases.<\/p>\n\t\t\t\t<a href=\"https:\/\/zenodo.org\/records\/15976602\" target=\"_blank\" rel=\"noopener\" itemprop=\"url\">\n\t\t\t\t<img decoding=\"async\" src=\"https:\/\/www.hiig.de\/wp-content\/uploads\/2025\/08\/Zine-Englisch-Grafik-DSA-1.png\" alt=\"Zine-Englisch-Grafik-DSA\" itemprop=\"image\" height=\"746\" width=\"1214\" title=\"Zine-Englisch-Grafik-DSA\" onerror=\"this.style.display='none'\" loading='lazy' \/>\n\t\t\t\t<\/a>\n\t\t\t<a href=\"https:\/\/zenodo.org\/records\/15976602\" target=\"_blank\" role=\"button\" rel=\"noopener\">\n\t\t\t\t\t\t\tDownload Zine\n\t\t\t\t\t<\/a>\n<h2>\n\t\t\tWhy Zines?\t<\/h2>\n\t<p>Zines (pronounced &#8216;siiines&#8217;, like the end of &#8220;magazine&#8221; in English) are part of the history of counterculture. They are often artistically designed, self-published small formats that can be printed in small print runs and easily distributed. They fit in every pocket and that is exactly what it should be about when it comes to the dominant discourses of our society. If we want everyone involved and affected to have a say, then the necessary knowledge must also be accessible to everyone.<\/p>\n<h2>\n\t\t\tTarget group and learning outcomes\t<\/h2>\n\t<p>The zine is intended for people who have used platforms, either personally or through acquaintances and relatives. Its aim is to improve understanding of why platform regulation is necessary, explain what the Digital Services Act is, and emphasise users&#8217; rights against hate speech and disinformation online. The material is therefore suitable for teachers, students and interested individuals, as well as political decision-makers, to illustrate how each individual can contribute to making the internet fairer and safer.<\/p>\n<h3>\n\t\t\tKONTAKT\t<\/h3>\n<h3>\n\t\t\tResearch project\t<\/h3>\n        \t<meta itemscope itemprop=\"mainEntityOfPage\" itemtype=\"https:\/\/schema.org\/WebPage\" itemid=\"http:\/\/99381\" content=\"DSA research network\" \/><meta itemprop=\"datePublished\" content=\"2024-02-07\" \/><meta itemprop=\"dateModified\" content=\"2025-08-12\" \/><meta itemprop=\"name\" content=\"HIIG\"\/><meta itemprop=\"url\" content=\"\/wp-content\/uploads\/2019\/06\/hiig.png\"\/><meta itemprop=\"url\" content=\"https:\/\/www.hiig.de\/en\/author\/yzhong\/\" \/><meta itemprop=\"name\" content=\"Yuanwen Zhong\" \/><meta itemprop=\"url\" content=\"https:\/\/www.hiig.de\/wp-content\/uploads\/2024\/02\/DSA-Forschungsnetzwerk-DSA-Research-Network.png\" \/><meta itemprop=\"width\" content=\"800\" \/><meta itemprop=\"height\" content=\"450\" \/><meta itemprop=\"interactionType\" content=\"https:\/\/schema.org\/CommentAction\" \/><meta itemprop=\"userInteractionCount\" content=\"0\" \/>\n\t<a href='https:\/\/www.hiig.de\/en\/project\/dsa-research-network\/' title='DSA research network'><img width=\"800\" height=\"450\" src=\"https:\/\/www.hiig.de\/wp-content\/uploads\/2024\/02\/DSA-Forschungsnetzwerk-DSA-Research-Network.png\" alt=\"Schwarz-wei\u00df-Foto eines langen Flurs, der in die Ferne f\u00fchrt, mit schlichten W\u00e4nden und einem klaren, geraden Verlauf. Die T\u00fcren an den Seiten stehen die f\u00fcr die verschiedenen Interessengruppen, mit denen das DSA Forschungsnetzwerk zusammenarbeitet.\" itemprop=\"image\" decoding=\"async\" loading=\"lazy\" srcset=\"\/wp-content\/uploads\/2019\/04\/placeholder_400.png\" sizes=\"auto, (max-width: 800px) 100vw, 800px\" data-srcset=\"https:\/\/www.hiig.de\/wp-content\/uploads\/2024\/02\/DSA-Forschungsnetzwerk-DSA-Research-Network.png 800w, https:\/\/www.hiig.de\/wp-content\/uploads\/2024\/02\/DSA-Forschungsnetzwerk-DSA-Research-Network-60x34.png 60w, https:\/\/www.hiig.de\/wp-content\/uploads\/2024\/02\/DSA-Forschungsnetzwerk-DSA-Research-Network-768x432.png 768w, https:\/\/www.hiig.de\/wp-content\/uploads\/2024\/02\/DSA-Forschungsnetzwerk-DSA-Research-Network-180x101.png 180w, https:\/\/www.hiig.de\/wp-content\/uploads\/2024\/02\/DSA-Forschungsnetzwerk-DSA-Research-Network-400x225.png 400w, https:\/\/www.hiig.de\/wp-content\/uploads\/2024\/02\/DSA-Forschungsnetzwerk-DSA-Research-Network-200x112.png 200w, https:\/\/www.hiig.de\/wp-content\/uploads\/2024\/02\/DSA-Forschungsnetzwerk-DSA-Research-Network-50x28.png 50w, https:\/\/www.hiig.de\/wp-content\/uploads\/2024\/02\/DSA-Forschungsnetzwerk-DSA-Research-Network-550x309.png 550w, https:\/\/www.hiig.de\/wp-content\/uploads\/2024\/02\/DSA-Forschungsnetzwerk-DSA-Research-Network-600x338.png 600w\" \/><\/a>\n    <h2><a href='https:\/\/www.hiig.de\/en\/project\/dsa-research-network\/' title='DSA research network'>DSA research network<\/a><\/h2>\n    \tThe DSA research network supports the implementation of the Digital Services Act (DSA) through joint research and networking.\n<h3>\n\t\t\tOpen Educational Resource\t<\/h3>\n<p>This open educational resource is published under the terms of the\u00a0<a href=\"https:\/\/creativecommons.org\/licenses\/by-nc-sa\/4.0\/deed.de\" target=\"_blank\" rel=\"noopener\">CC BY-NC-SA 4.0 Licence<\/a>\u00a0which permits unrestricted use, provided the original work is properly cited.<\/p>\n<h3>\n\t\t\tFolding instructions\t<\/h3>\n\t\t<p>The zines are double-sided: there is a poster on one side of the sheet and the pages of the zine on the other. These instructions will help you to fold the zines to turn an A4 sheet of paper into a readable little book. You can open it again at any time to read the poster page.<\/p>\n\t\t\t<a href=\"https:\/\/www.hiig.de\/wp-content\/uploads\/2024\/10\/Folding-instructions-Zines-English-Fainress-in-AI-systems-1.pdf\" target=\"_blank\" role=\"button\" rel=\"noopener\">\n\t\t\t\t\t\t\tView the folding instructions\n\t\t\t\t\t<\/a>\n<h3>\n\t\t\tFurther OER at HIIG\t<\/h3>\n\t\t<p>HIIG is continuously developing a wide range of OER, including a lecture series, a future thinking toolkit and several games.<\/p>\n\t\t\t<a href=\"https:\/\/www.hiig.de\/en\/open-educational-resources\/\" target=\"_self\" role=\"button\" rel=\"noopener\">\n\t\t\t\t\t\t\tTo OER Overview\n\t\t\t\t\t<\/a>\n\n<div class=\"shariff shariff-align-flex-start shariff-widget-align-flex-start\"><ul class=\"shariff-buttons theme-round orientation-horizontal buttonsize-medium\"><li class=\"shariff-button linkedin shariff-nocustomcolor\" style=\"background-color:#1488bf\"><a href=\"https:\/\/www.linkedin.com\/sharing\/share-offsite\/?url=https%3A%2F%2Fwww.hiig.de%2Fen%2Fzine-on-platform-regulation-what-does-the-digital-services-act-dsa-do%2F\" title=\"Share on LinkedIn\" aria-label=\"Share on LinkedIn\" role=\"button\" rel=\"noopener nofollow\" class=\"shariff-link\" style=\"; background-color:#0077b5; color:#fff\" target=\"_blank\"><span class=\"shariff-icon\" style=\"\"><svg width=\"32px\" height=\"20px\" xmlns=\"http:\/\/www.w3.org\/2000\/svg\" viewBox=\"0 0 27 32\"><path fill=\"#0077b5\" d=\"M6.2 11.2v17.7h-5.9v-17.7h5.9zM6.6 5.7q0 1.3-0.9 2.2t-2.4 0.9h0q-1.5 0-2.4-0.9t-0.9-2.2 0.9-2.2 2.4-0.9 2.4 0.9 0.9 2.2zM27.4 18.7v10.1h-5.9v-9.5q0-1.9-0.7-2.9t-2.3-1.1q-1.1 0-1.9 0.6t-1.2 1.5q-0.2 0.5-0.2 1.4v9.9h-5.9q0-7.1 0-11.6t0-5.3l0-0.9h5.9v2.6h0q0.4-0.6 0.7-1t1-0.9 1.6-0.8 2-0.3q3 0 4.9 2t1.9 6z\"\/><\/svg><\/span><\/a><\/li><li class=\"shariff-button bluesky shariff-nocustomcolor\" style=\"background-color:#84c4ff\"><a href=\"https:\/\/bsky.app\/intent\/compose?text=Zine%20on%20platform%20regulation%3A%20What%20does%20the%20Digital%20Services%20Act%20%28DSA%29%20do%3F https%3A%2F%2Fwww.hiig.de%2Fen%2Fzine-on-platform-regulation-what-does-the-digital-services-act-dsa-do%2F  via @hiigberlin.bsky.social\" title=\"Share on Bluesky\" aria-label=\"Share on Bluesky\" role=\"button\" rel=\"noopener nofollow\" class=\"shariff-link\" style=\"; background-color:#0085ff; color:#fff\" target=\"_blank\"><span class=\"shariff-icon\" style=\"\"><svg width=\"20\" height=\"20\" version=\"1.1\" xmlns=\"http:\/\/www.w3.org\/2000\/svg\" viewBox=\"0 0 20 20\"><path class=\"st0\" d=\"M4.89,3.12c2.07,1.55,4.3,4.71,5.11,6.4.82-1.69,3.04-4.84,5.11-6.4,1.49-1.12,3.91-1.99,3.91.77,0,.55-.32,4.63-.5,5.3-.64,2.3-2.99,2.89-5.08,2.54,3.65.62,4.58,2.68,2.57,4.74-3.81,3.91-5.48-.98-5.9-2.23-.08-.23-.11-.34-.12-.25,0-.09-.04.02-.12.25-.43,1.25-2.09,6.14-5.9,2.23-2.01-2.06-1.08-4.12,2.57-4.74-2.09.36-4.44-.23-5.08-2.54-.19-.66-.5-4.74-.5-5.3,0-2.76,2.42-1.89,3.91-.77h0Z\"\/><\/svg><\/span><\/a><\/li><li class=\"shariff-button mailto shariff-nocustomcolor\" style=\"background-color:#a8a8a8\"><a href=\"mailto:?body=https%3A%2F%2Fwww.hiig.de%2Fen%2Fzine-on-platform-regulation-what-does-the-digital-services-act-dsa-do%2F&subject=Zine%20on%20platform%20regulation%3A%20What%20does%20the%20Digital%20Services%20Act%20%28DSA%29%20do%3F\" title=\"Send by email\" aria-label=\"Send by email\" role=\"button\" rel=\"noopener nofollow\" class=\"shariff-link\" style=\"; background-color:#999; color:#fff\"><span class=\"shariff-icon\" style=\"\"><svg width=\"32px\" height=\"20px\" xmlns=\"http:\/\/www.w3.org\/2000\/svg\" viewBox=\"0 0 32 32\"><path fill=\"#999\" d=\"M32 12.7v14.2q0 1.2-0.8 2t-2 0.9h-26.3q-1.2 0-2-0.9t-0.8-2v-14.2q0.8 0.9 1.8 1.6 6.5 4.4 8.9 6.1 1 0.8 1.6 1.2t1.7 0.9 2 0.4h0.1q0.9 0 2-0.4t1.7-0.9 1.6-1.2q3-2.2 8.9-6.1 1-0.7 1.8-1.6zM32 7.4q0 1.4-0.9 2.7t-2.2 2.2q-6.7 4.7-8.4 5.8-0.2 0.1-0.7 0.5t-1 0.7-0.9 0.6-1.1 0.5-0.9 0.2h-0.1q-0.4 0-0.9-0.2t-1.1-0.5-0.9-0.6-1-0.7-0.7-0.5q-1.6-1.1-4.7-3.2t-3.6-2.6q-1.1-0.7-2.1-2t-1-2.5q0-1.4 0.7-2.3t2.1-0.9h26.3q1.2 0 2 0.8t0.9 2z\"\/><\/svg><\/span><\/a><\/li><\/ul><\/div>","protected":false},"excerpt":{"rendered":"<p>ar Much of our everyday life now takes place on digital platforms. We use search engines to find information, discuss politics on social media and shop in online stores. These platforms are operated by private companies that use their own rules and algorithms to determine which content is visible and how widely it is shared.&hellip;<\/p>\n","protected":false},"author":10000027,"featured_media":109566,"parent":0,"menu_order":0,"comment_status":"closed","ping_status":"closed","template":"","meta":{"_acf_changed":false,"footnotes":""},"class_list":["post-109444","page","type-page","status-publish","has-post-thumbnail","hentry"],"acf":[],"yoast_head":"<!-- This site is optimized with the Yoast SEO plugin v26.6 - https:\/\/yoast.com\/wordpress\/plugins\/seo\/ -->\n<title>Zine on platform regulation: What does the Digital Services Act (DSA) do? &#8211; HIIG<\/title>\n<meta name=\"description\" content=\"This zines gives background knowledge on the DSA. It explains the obligations of the platforms and shows users their options for action.\" \/>\n<meta name=\"robots\" content=\"index, follow, max-snippet:-1, max-image-preview:large, max-video-preview:-1\" \/>\n<link rel=\"canonical\" href=\"https:\/\/www.hiig.de\/en\/zine-on-platform-regulation-what-does-the-digital-services-act-dsa-do\/\" \/>\n<meta property=\"og:locale\" content=\"en_US\" \/>\n<meta property=\"og:type\" content=\"article\" \/>\n<meta property=\"og:title\" content=\"Zine on platform regulation: What does the Digital Services Act (DSA) do? &#8211; HIIG\" \/>\n<meta property=\"og:description\" content=\"This zines gives background knowledge on the DSA. It explains the obligations of the platforms and shows users their options for action.\" \/>\n<meta property=\"og:url\" content=\"https:\/\/www.hiig.de\/en\/zine-on-platform-regulation-what-does-the-digital-services-act-dsa-do\/\" \/>\n<meta property=\"og:site_name\" content=\"HIIG\" \/>\n<meta property=\"article:modified_time\" content=\"2025-08-21T09:52:19+00:00\" \/>\n<meta property=\"og:image\" content=\"https:\/\/www.hiig.de\/wp-content\/uploads\/2025\/08\/Zine-DSA-Digital-Services-Act-Englisch-scaled.jpeg\" \/>\n\t<meta property=\"og:image:width\" content=\"2560\" \/>\n\t<meta property=\"og:image:height\" content=\"1440\" \/>\n\t<meta property=\"og:image:type\" content=\"image\/jpeg\" \/>\n<meta name=\"twitter:card\" content=\"summary_large_image\" \/>\n<meta name=\"twitter:label1\" content=\"Est. reading time\" \/>\n\t<meta name=\"twitter:data1\" content=\"1 minute\" \/>\n<!-- \/ Yoast SEO plugin. -->","yoast_head_json":{"title":"Zine on platform regulation: What does the Digital Services Act (DSA) do? &#8211; HIIG","description":"This zines gives background knowledge on the DSA. It explains the obligations of the platforms and shows users their options for action.","robots":{"index":"index","follow":"follow","max-snippet":"max-snippet:-1","max-image-preview":"max-image-preview:large","max-video-preview":"max-video-preview:-1"},"canonical":"https:\/\/www.hiig.de\/en\/zine-on-platform-regulation-what-does-the-digital-services-act-dsa-do\/","og_locale":"en_US","og_type":"article","og_title":"Zine on platform regulation: What does the Digital Services Act (DSA) do? &#8211; HIIG","og_description":"This zines gives background knowledge on the DSA. It explains the obligations of the platforms and shows users their options for action.","og_url":"https:\/\/www.hiig.de\/en\/zine-on-platform-regulation-what-does-the-digital-services-act-dsa-do\/","og_site_name":"HIIG","article_modified_time":"2025-08-21T09:52:19+00:00","og_image":[{"width":2560,"height":1440,"url":"https:\/\/www.hiig.de\/wp-content\/uploads\/2025\/08\/Zine-DSA-Digital-Services-Act-Englisch-scaled.jpeg","type":"image\/jpeg"}],"twitter_card":"summary_large_image","twitter_misc":{"Est. reading time":"1 minute"},"schema":{"@context":"https:\/\/schema.org","@graph":[{"@type":"WebPage","@id":"https:\/\/www.hiig.de\/en\/zine-on-platform-regulation-what-does-the-digital-services-act-dsa-do\/","url":"https:\/\/www.hiig.de\/en\/zine-on-platform-regulation-what-does-the-digital-services-act-dsa-do\/","name":"Zine on platform regulation: What does the Digital Services Act (DSA) do? &#8211; HIIG","isPartOf":{"@id":"https:\/\/www.hiig.de\/#website"},"primaryImageOfPage":{"@id":"https:\/\/www.hiig.de\/en\/zine-on-platform-regulation-what-does-the-digital-services-act-dsa-do\/#primaryimage"},"image":{"@id":"https:\/\/www.hiig.de\/en\/zine-on-platform-regulation-what-does-the-digital-services-act-dsa-do\/#primaryimage"},"thumbnailUrl":"https:\/\/www.hiig.de\/wp-content\/uploads\/2025\/08\/Zine-DSA-Digital-Services-Act-Englisch-scaled.jpeg","datePublished":"2025-08-19T11:24:14+00:00","dateModified":"2025-08-21T09:52:19+00:00","description":"This zines gives background knowledge on the DSA. It explains the obligations of the platforms and shows users their options for action.","breadcrumb":{"@id":"https:\/\/www.hiig.de\/en\/zine-on-platform-regulation-what-does-the-digital-services-act-dsa-do\/#breadcrumb"},"inLanguage":"en-US","potentialAction":[{"@type":"ReadAction","target":["https:\/\/www.hiig.de\/en\/zine-on-platform-regulation-what-does-the-digital-services-act-dsa-do\/"]}]},{"@type":"ImageObject","inLanguage":"en-US","@id":"https:\/\/www.hiig.de\/en\/zine-on-platform-regulation-what-does-the-digital-services-act-dsa-do\/#primaryimage","url":"https:\/\/www.hiig.de\/wp-content\/uploads\/2025\/08\/Zine-DSA-Digital-Services-Act-Englisch-scaled.jpeg","contentUrl":"https:\/\/www.hiig.de\/wp-content\/uploads\/2025\/08\/Zine-DSA-Digital-Services-Act-Englisch-scaled.jpeg","width":2560,"height":1440},{"@type":"BreadcrumbList","@id":"https:\/\/www.hiig.de\/en\/zine-on-platform-regulation-what-does-the-digital-services-act-dsa-do\/#breadcrumb","itemListElement":[{"@type":"ListItem","position":1,"name":"Home","item":"https:\/\/www.hiig.de\/en\/"},{"@type":"ListItem","position":2,"name":"Zine on platform regulation: What does the Digital Services Act (DSA) do?"}]},{"@type":"WebSite","@id":"https:\/\/www.hiig.de\/#website","url":"https:\/\/www.hiig.de\/","name":"HIIG","description":"Alexander von Humboldt Institute for Internet and Society","publisher":{"@id":"https:\/\/www.hiig.de\/#organization"},"potentialAction":[{"@type":"SearchAction","target":{"@type":"EntryPoint","urlTemplate":"https:\/\/www.hiig.de\/?s={search_term_string}"},"query-input":{"@type":"PropertyValueSpecification","valueRequired":true,"valueName":"search_term_string"}}],"inLanguage":"en-US"},{"@type":"Organization","@id":"https:\/\/www.hiig.de\/#organization","name":"HIIG","url":"https:\/\/www.hiig.de\/","logo":{"@type":"ImageObject","inLanguage":"en-US","@id":"https:\/\/www.hiig.de\/#\/schema\/logo\/image\/","url":"https:\/\/www.hiig.de\/wp-content\/uploads\/2019\/06\/hiig.png","contentUrl":"https:\/\/www.hiig.de\/wp-content\/uploads\/2019\/06\/hiig.png","width":320,"height":80,"caption":"HIIG"},"image":{"@id":"https:\/\/www.hiig.de\/#\/schema\/logo\/image\/"}}]}},"_links":{"self":[{"href":"https:\/\/www.hiig.de\/en\/wp-json\/wp\/v2\/pages\/109444","targetHints":{"allow":["GET"]}}],"collection":[{"href":"https:\/\/www.hiig.de\/en\/wp-json\/wp\/v2\/pages"}],"about":[{"href":"https:\/\/www.hiig.de\/en\/wp-json\/wp\/v2\/types\/page"}],"author":[{"embeddable":true,"href":"https:\/\/www.hiig.de\/en\/wp-json\/wp\/v2\/users\/10000027"}],"replies":[{"embeddable":true,"href":"https:\/\/www.hiig.de\/en\/wp-json\/wp\/v2\/comments?post=109444"}],"version-history":[{"count":6,"href":"https:\/\/www.hiig.de\/en\/wp-json\/wp\/v2\/pages\/109444\/revisions"}],"predecessor-version":[{"id":109619,"href":"https:\/\/www.hiig.de\/en\/wp-json\/wp\/v2\/pages\/109444\/revisions\/109619"}],"wp:featuredmedia":[{"embeddable":true,"href":"https:\/\/www.hiig.de\/en\/wp-json\/wp\/v2\/media\/109566"}],"wp:attachment":[{"href":"https:\/\/www.hiig.de\/en\/wp-json\/wp\/v2\/media?parent=109444"}],"curies":[{"name":"wp","href":"https:\/\/api.w.org\/{rel}","templated":true}]}}