{"id":102074,"date":"2024-06-17T16:40:12","date_gmt":"2024-06-17T14:40:12","guid":{"rendered":"https:\/\/www.hiig.de\/?page_id=102074"},"modified":"2025-04-29T14:17:06","modified_gmt":"2025-04-29T12:17:06","slug":"summer-school-dealing-with-hostility-in-science-communication","status":"publish","type":"page","link":"https:\/\/www.hiig.de\/en\/summer-school-dealing-with-hostility-in-science-communication\/","title":{"rendered":"Summer School: Dealing with hostility in science communication"},"content":{"rendered":"\n\n\t\t\t\t<img decoding=\"async\" src=\"https:\/\/www.hiig.de\/wp-content\/plugins\/bb-plugin\/img\/pixel.png\" alt=\"\" itemprop=\"image\" onerror=\"this.style.display='none'\"  \/>\n<h1>\n\t\tar\n\t<\/h1>\n\t<p>As researchers, we are increasingly expected to demonstrate societal impact of our work. But going public can, in some cases, lead to unwelcome and aggressive reactions: verbal attacks, hate speech, trolling or even physical threats. Why should one go public if they are consistently being attacked and discredited as an expert? It is important that the voice of science is not silenced and that important work in areas such as climate change or gender studies can continue.\u00a0<\/p>\n<p>This summer school is created for researchers from all career stages, all disciplines that engage in communication with non-academic audiences, either in broader public communication, science-policy advice, citizen science projects or else. The training was created by a group of professional science communicators and public engagement experts.<\/p>\n<h2>\n\t\tWhat can you expect?\n\t<\/h2>\n<p>Our Summer School offers you the opportunity to deepen your skills in science communication and learn how to deal with hostility. Through interactive workshops and discussions, you will:<\/p>\n\t\t\t Get to know and try out a variety of tools and formats used in science communication.\t\t\n\t\t\t Develop a broad understanding of the different tools and formats of science communication.\t\t\n\t\t\t Learn strategies for the management and prevention of hostility and negative reactions.\t\t\n\t\t\t Develop your own communication strategies for dealing with online and offline hostility and test them in real-life scenarios.\t\t\n\t<h2>\n\t\tDates\n\t<\/h2>\n\t<p><a href=\"https:\/\/www.hiig.de\/en\/events\/dealing-with-hostility-in-science-communication\/\">Summer School 1<\/a>: 23 &#8211; 24 September 2024<\/p>\n<p><a href=\"https:\/\/www.hiig.de\/en\/events\/dealing-with-hostility-in-science-communication-25\/\">Summer School 2<\/a>: 07 &#8211; 08 July 2025<\/p>\n<p>If you would like to be informed about the status, please contact Nataliia Sokolovska: <a href=\"mailto:nataliia.sokolovska@hiig.de\">nataliia.sokolovska@hiig.de<\/a><b>.<\/b><\/p>\n<h2>\n\t\tInvolved Institutions\n\t<\/h2>\n\t<p>The programme is part of the <a href=\"https:\/\/www.hiig.de\/en\/project\/hostility-towards-science-capaz\/\">Capacities and Competencies in Dealing with Hate Speech and Hostility towards Science<\/a> (CAPAZ) project network. It explores hostility towards researchers and develops institutional resources to protect them from hostility towards science, both online and offline.<\/p>\n<p>The workshop format was developed in close collaboration with leading experts in science communication and public engagement. It was developed under the leadership of the Alexander von Humboldt Institute for Internet and Society (HIIG), the <a href=\"https:\/\/www.museumfuernaturkunde.berlin\/en\/science\/berlin-school-public-engagement-und-open-science\">Berlin School of Public Engagement<\/a> (BSOPE) at the Museum f\u00fcr Naturkunde in Berlin (MfN) and <a href=\"https:\/\/scicomm-support.de\/en\/\">Scicomm-Support<\/a>.<\/p>\n<h3>\n\t\tCONTACT\n\t<\/h3>\n<h3>\n\t\tPART OF THE RESEARCH PROJECT\n\t<\/h3>\n        \t<meta itemscope itemprop=\"mainEntityOfPage\" itemtype=\"https:\/\/schema.org\/WebPage\" itemid=\"http:\/\/95252\" content=\"Capacities and competencies in dealing with hate speech and hostility towards science\" \/><meta itemprop=\"datePublished\" content=\"2023-07-20\" \/><meta itemprop=\"dateModified\" content=\"2025-03-10\" \/><meta itemprop=\"name\" content=\"HIIG\"\/><meta itemprop=\"url\" content=\"\/wp-content\/uploads\/2019\/06\/hiig.png\"\/><meta itemprop=\"url\" content=\"https:\/\/www.hiig.de\/en\/author\/yzhong\/\" \/><meta itemprop=\"name\" content=\"Yuanwen Zhong\" \/><meta itemprop=\"url\" content=\"https:\/\/www.hiig.de\/wp-content\/uploads\/2023\/02\/Kapaz-Wissenschaftsfeindlichkeit-hostility-to-science.png\" \/><meta itemprop=\"width\" content=\"800\" \/><meta itemprop=\"height\" content=\"400\" \/><meta itemprop=\"interactionType\" content=\"https:\/\/schema.org\/CommentAction\" \/><meta itemprop=\"userInteractionCount\" content=\"0\" \/>\n\t<a href='https:\/\/www.hiig.de\/en\/project\/hostility-towards-science-capaz\/' title='Capacities and competencies in dealing with hate speech and hostility towards science'><img width=\"800\" height=\"400\" src=\"https:\/\/www.hiig.de\/wp-content\/uploads\/2023\/02\/Kapaz-Wissenschaftsfeindlichkeit-hostility-to-science.png\" alt=\"Du siehst eine gro\u00dfe Welle in blauer Farbe und wei\u00dfer Schaumkrone. Es steht sinnbildlich f\u00fcr die Welle an Wissenschaftsfeindlichkeit (hostility towards science), der manche Wissenschaftler*innen gegen\u00fcberstehen.\" itemprop=\"image\" decoding=\"async\" loading=\"lazy\" srcset=\"\/wp-content\/uploads\/2019\/04\/placeholder_400.png\" sizes=\"auto, (max-width: 800px) 100vw, 800px\" data-srcset=\"https:\/\/www.hiig.de\/wp-content\/uploads\/2023\/02\/Kapaz-Wissenschaftsfeindlichkeit-hostility-to-science.png 800w, https:\/\/www.hiig.de\/wp-content\/uploads\/2023\/02\/Kapaz-Wissenschaftsfeindlichkeit-hostility-to-science-60x30.png 60w, https:\/\/www.hiig.de\/wp-content\/uploads\/2023\/02\/Kapaz-Wissenschaftsfeindlichkeit-hostility-to-science-768x384.png 768w, https:\/\/www.hiig.de\/wp-content\/uploads\/2023\/02\/Kapaz-Wissenschaftsfeindlichkeit-hostility-to-science-180x90.png 180w, https:\/\/www.hiig.de\/wp-content\/uploads\/2023\/02\/Kapaz-Wissenschaftsfeindlichkeit-hostility-to-science-50x25.png 50w, https:\/\/www.hiig.de\/wp-content\/uploads\/2023\/02\/Kapaz-Wissenschaftsfeindlichkeit-hostility-to-science-550x275.png 550w, https:\/\/www.hiig.de\/wp-content\/uploads\/2023\/02\/Kapaz-Wissenschaftsfeindlichkeit-hostility-to-science-600x300.png 600w\" \/><\/a>\n    <h2><a href='https:\/\/www.hiig.de\/en\/project\/hostility-towards-science-capaz\/' title='Capacities and competencies in dealing with hate speech and hostility towards science'>Capacities and competencies in dealing with hate speech and hostility towards science<\/a><\/h2>\n    \tThe project develops strategies to make the science system more resilient against hate speech &#038; hostility towards science.\n\n<div class=\"shariff shariff-align-flex-start shariff-widget-align-flex-start\"><ul class=\"shariff-buttons theme-round orientation-horizontal buttonsize-medium\"><li class=\"shariff-button linkedin shariff-nocustomcolor\" style=\"background-color:#1488bf\"><a href=\"https:\/\/www.linkedin.com\/sharing\/share-offsite\/?url=https%3A%2F%2Fwww.hiig.de%2Fen%2Fsummer-school-dealing-with-hostility-in-science-communication%2F\" title=\"Share on LinkedIn\" aria-label=\"Share on LinkedIn\" role=\"button\" rel=\"noopener nofollow\" class=\"shariff-link\" style=\"; background-color:#0077b5; color:#fff\" target=\"_blank\"><span class=\"shariff-icon\" style=\"\"><svg width=\"32px\" height=\"20px\" xmlns=\"http:\/\/www.w3.org\/2000\/svg\" viewBox=\"0 0 27 32\"><path fill=\"#0077b5\" d=\"M6.2 11.2v17.7h-5.9v-17.7h5.9zM6.6 5.7q0 1.3-0.9 2.2t-2.4 0.9h0q-1.5 0-2.4-0.9t-0.9-2.2 0.9-2.2 2.4-0.9 2.4 0.9 0.9 2.2zM27.4 18.7v10.1h-5.9v-9.5q0-1.9-0.7-2.9t-2.3-1.1q-1.1 0-1.9 0.6t-1.2 1.5q-0.2 0.5-0.2 1.4v9.9h-5.9q0-7.1 0-11.6t0-5.3l0-0.9h5.9v2.6h0q0.4-0.6 0.7-1t1-0.9 1.6-0.8 2-0.3q3 0 4.9 2t1.9 6z\"\/><\/svg><\/span><\/a><\/li><li class=\"shariff-button bluesky shariff-nocustomcolor\" style=\"background-color:#84c4ff\"><a href=\"https:\/\/bsky.app\/intent\/compose?text=Summer%20School%3A%20Dealing%20with%20hostility%20in%20science%20communication https%3A%2F%2Fwww.hiig.de%2Fen%2Fsummer-school-dealing-with-hostility-in-science-communication%2F  via @hiigberlin.bsky.social\" title=\"Share on Bluesky\" aria-label=\"Share on Bluesky\" role=\"button\" rel=\"noopener nofollow\" class=\"shariff-link\" style=\"; background-color:#0085ff; color:#fff\" target=\"_blank\"><span class=\"shariff-icon\" style=\"\"><svg width=\"20\" height=\"20\" version=\"1.1\" xmlns=\"http:\/\/www.w3.org\/2000\/svg\" viewBox=\"0 0 20 20\"><path class=\"st0\" d=\"M4.89,3.12c2.07,1.55,4.3,4.71,5.11,6.4.82-1.69,3.04-4.84,5.11-6.4,1.49-1.12,3.91-1.99,3.91.77,0,.55-.32,4.63-.5,5.3-.64,2.3-2.99,2.89-5.08,2.54,3.65.62,4.58,2.68,2.57,4.74-3.81,3.91-5.48-.98-5.9-2.23-.08-.23-.11-.34-.12-.25,0-.09-.04.02-.12.25-.43,1.25-2.09,6.14-5.9,2.23-2.01-2.06-1.08-4.12,2.57-4.74-2.09.36-4.44-.23-5.08-2.54-.19-.66-.5-4.74-.5-5.3,0-2.76,2.42-1.89,3.91-.77h0Z\"\/><\/svg><\/span><\/a><\/li><li class=\"shariff-button mailto shariff-nocustomcolor\" style=\"background-color:#a8a8a8\"><a href=\"mailto:?body=https%3A%2F%2Fwww.hiig.de%2Fen%2Fsummer-school-dealing-with-hostility-in-science-communication%2F&subject=Summer%20School%3A%20Dealing%20with%20hostility%20in%20science%20communication\" title=\"Send by email\" aria-label=\"Send by email\" role=\"button\" rel=\"noopener nofollow\" class=\"shariff-link\" style=\"; background-color:#999; color:#fff\"><span class=\"shariff-icon\" style=\"\"><svg width=\"32px\" height=\"20px\" xmlns=\"http:\/\/www.w3.org\/2000\/svg\" viewBox=\"0 0 32 32\"><path fill=\"#999\" d=\"M32 12.7v14.2q0 1.2-0.8 2t-2 0.9h-26.3q-1.2 0-2-0.9t-0.8-2v-14.2q0.8 0.9 1.8 1.6 6.5 4.4 8.9 6.1 1 0.8 1.6 1.2t1.7 0.9 2 0.4h0.1q0.9 0 2-0.4t1.7-0.9 1.6-1.2q3-2.2 8.9-6.1 1-0.7 1.8-1.6zM32 7.4q0 1.4-0.9 2.7t-2.2 2.2q-6.7 4.7-8.4 5.8-0.2 0.1-0.7 0.5t-1 0.7-0.9 0.6-1.1 0.5-0.9 0.2h-0.1q-0.4 0-0.9-0.2t-1.1-0.5-0.9-0.6-1-0.7-0.7-0.5q-1.6-1.1-4.7-3.2t-3.6-2.6q-1.1-0.7-2.1-2t-1-2.5q0-1.4 0.7-2.3t2.1-0.9h26.3q1.2 0 2 0.8t0.9 2z\"\/><\/svg><\/span><\/a><\/li><\/ul><\/div>","protected":false},"excerpt":{"rendered":"<p>ar As researchers, we are increasingly expected to demonstrate societal impact of our work. But going public can, in some cases, lead to unwelcome and aggressive reactions: verbal attacks, hate speech, trolling or even physical threats. Why should one go public if they are consistently being attacked and discredited as an expert? It is important&hellip;<\/p>\n","protected":false},"author":10000027,"featured_media":101335,"parent":0,"menu_order":0,"comment_status":"closed","ping_status":"closed","template":"","meta":{"_acf_changed":false,"footnotes":""},"class_list":["post-102074","page","type-page","status-publish","has-post-thumbnail","hentry"],"acf":[],"yoast_head":"<!-- This site is optimized with the Yoast SEO plugin v26.6 - https:\/\/yoast.com\/wordpress\/plugins\/seo\/ -->\n<title>Summer School: Dealing with hostility in science communication &#8211; HIIG<\/title>\n<meta name=\"description\" content=\"This summer school is created for researchers from all all disciplines that engage in communication with non-academic audiences.\" \/>\n<meta name=\"robots\" content=\"index, follow, max-snippet:-1, max-image-preview:large, max-video-preview:-1\" \/>\n<link rel=\"canonical\" href=\"https:\/\/www.hiig.de\/en\/summer-school-dealing-with-hostility-in-science-communication\/\" \/>\n<meta property=\"og:locale\" content=\"en_US\" \/>\n<meta property=\"og:type\" content=\"article\" \/>\n<meta property=\"og:title\" content=\"Summer School: Dealing with hostility in science communication &#8211; HIIG\" \/>\n<meta property=\"og:description\" content=\"This summer school is created for researchers from all all disciplines that engage in communication with non-academic audiences.\" \/>\n<meta property=\"og:url\" content=\"https:\/\/www.hiig.de\/en\/summer-school-dealing-with-hostility-in-science-communication\/\" \/>\n<meta property=\"og:site_name\" content=\"HIIG\" \/>\n<meta property=\"article:modified_time\" content=\"2025-04-29T12:17:06+00:00\" \/>\n<meta property=\"og:image\" content=\"https:\/\/www.hiig.de\/wp-content\/uploads\/2024\/05\/Summer-School-KAPAZ-1200x675.png\" \/>\n\t<meta property=\"og:image:width\" content=\"1200\" \/>\n\t<meta property=\"og:image:height\" content=\"675\" \/>\n\t<meta property=\"og:image:type\" content=\"image\/png\" \/>\n<meta name=\"twitter:card\" content=\"summary_large_image\" \/>\n<meta name=\"twitter:label1\" content=\"Est. reading time\" \/>\n\t<meta name=\"twitter:data1\" content=\"3 minutes\" \/>\n<!-- \/ Yoast SEO plugin. -->","yoast_head_json":{"title":"Summer School: Dealing with hostility in science communication &#8211; HIIG","description":"This summer school is created for researchers from all all disciplines that engage in communication with non-academic audiences.","robots":{"index":"index","follow":"follow","max-snippet":"max-snippet:-1","max-image-preview":"max-image-preview:large","max-video-preview":"max-video-preview:-1"},"canonical":"https:\/\/www.hiig.de\/en\/summer-school-dealing-with-hostility-in-science-communication\/","og_locale":"en_US","og_type":"article","og_title":"Summer School: Dealing with hostility in science communication &#8211; HIIG","og_description":"This summer school is created for researchers from all all disciplines that engage in communication with non-academic audiences.","og_url":"https:\/\/www.hiig.de\/en\/summer-school-dealing-with-hostility-in-science-communication\/","og_site_name":"HIIG","article_modified_time":"2025-04-29T12:17:06+00:00","og_image":[{"width":1200,"height":675,"url":"https:\/\/www.hiig.de\/wp-content\/uploads\/2024\/05\/Summer-School-KAPAZ-1200x675.png","type":"image\/png"}],"twitter_card":"summary_large_image","twitter_misc":{"Est. reading time":"3 minutes"},"schema":{"@context":"https:\/\/schema.org","@graph":[{"@type":"WebPage","@id":"https:\/\/www.hiig.de\/en\/summer-school-dealing-with-hostility-in-science-communication\/","url":"https:\/\/www.hiig.de\/en\/summer-school-dealing-with-hostility-in-science-communication\/","name":"Summer School: Dealing with hostility in science communication &#8211; HIIG","isPartOf":{"@id":"https:\/\/www.hiig.de\/#website"},"primaryImageOfPage":{"@id":"https:\/\/www.hiig.de\/en\/summer-school-dealing-with-hostility-in-science-communication\/#primaryimage"},"image":{"@id":"https:\/\/www.hiig.de\/en\/summer-school-dealing-with-hostility-in-science-communication\/#primaryimage"},"thumbnailUrl":"https:\/\/www.hiig.de\/wp-content\/uploads\/2024\/05\/Summer-School-KAPAZ.png","datePublished":"2024-06-17T14:40:12+00:00","dateModified":"2025-04-29T12:17:06+00:00","description":"This summer school is created for researchers from all all disciplines that engage in communication with non-academic audiences.","breadcrumb":{"@id":"https:\/\/www.hiig.de\/en\/summer-school-dealing-with-hostility-in-science-communication\/#breadcrumb"},"inLanguage":"en-US","potentialAction":[{"@type":"ReadAction","target":["https:\/\/www.hiig.de\/en\/summer-school-dealing-with-hostility-in-science-communication\/"]}]},{"@type":"ImageObject","inLanguage":"en-US","@id":"https:\/\/www.hiig.de\/en\/summer-school-dealing-with-hostility-in-science-communication\/#primaryimage","url":"https:\/\/www.hiig.de\/wp-content\/uploads\/2024\/05\/Summer-School-KAPAZ.png","contentUrl":"https:\/\/www.hiig.de\/wp-content\/uploads\/2024\/05\/Summer-School-KAPAZ.png","width":1920,"height":1080},{"@type":"BreadcrumbList","@id":"https:\/\/www.hiig.de\/en\/summer-school-dealing-with-hostility-in-science-communication\/#breadcrumb","itemListElement":[{"@type":"ListItem","position":1,"name":"Home","item":"https:\/\/www.hiig.de\/en\/"},{"@type":"ListItem","position":2,"name":"Summer School: Dealing with hostility in science communication"}]},{"@type":"WebSite","@id":"https:\/\/www.hiig.de\/#website","url":"https:\/\/www.hiig.de\/","name":"HIIG","description":"Alexander von Humboldt Institute for Internet and Society","publisher":{"@id":"https:\/\/www.hiig.de\/#organization"},"potentialAction":[{"@type":"SearchAction","target":{"@type":"EntryPoint","urlTemplate":"https:\/\/www.hiig.de\/?s={search_term_string}"},"query-input":{"@type":"PropertyValueSpecification","valueRequired":true,"valueName":"search_term_string"}}],"inLanguage":"en-US"},{"@type":"Organization","@id":"https:\/\/www.hiig.de\/#organization","name":"HIIG","url":"https:\/\/www.hiig.de\/","logo":{"@type":"ImageObject","inLanguage":"en-US","@id":"https:\/\/www.hiig.de\/#\/schema\/logo\/image\/","url":"https:\/\/www.hiig.de\/wp-content\/uploads\/2019\/06\/hiig.png","contentUrl":"https:\/\/www.hiig.de\/wp-content\/uploads\/2019\/06\/hiig.png","width":320,"height":80,"caption":"HIIG"},"image":{"@id":"https:\/\/www.hiig.de\/#\/schema\/logo\/image\/"}}]}},"_links":{"self":[{"href":"https:\/\/www.hiig.de\/en\/wp-json\/wp\/v2\/pages\/102074","targetHints":{"allow":["GET"]}}],"collection":[{"href":"https:\/\/www.hiig.de\/en\/wp-json\/wp\/v2\/pages"}],"about":[{"href":"https:\/\/www.hiig.de\/en\/wp-json\/wp\/v2\/types\/page"}],"author":[{"embeddable":true,"href":"https:\/\/www.hiig.de\/en\/wp-json\/wp\/v2\/users\/10000027"}],"replies":[{"embeddable":true,"href":"https:\/\/www.hiig.de\/en\/wp-json\/wp\/v2\/comments?post=102074"}],"version-history":[{"count":7,"href":"https:\/\/www.hiig.de\/en\/wp-json\/wp\/v2\/pages\/102074\/revisions"}],"predecessor-version":[{"id":107739,"href":"https:\/\/www.hiig.de\/en\/wp-json\/wp\/v2\/pages\/102074\/revisions\/107739"}],"wp:featuredmedia":[{"embeddable":true,"href":"https:\/\/www.hiig.de\/en\/wp-json\/wp\/v2\/media\/101335"}],"wp:attachment":[{"href":"https:\/\/www.hiig.de\/en\/wp-json\/wp\/v2\/media?parent=102074"}],"curies":[{"name":"wp","href":"https:\/\/api.w.org\/{rel}","templated":true}]}}